{"id":3,"date":"2023-12-05T10:38:44","date_gmt":"2023-12-05T10:38:44","guid":{"rendered":"https:\/\/oceanik.eu\/?page_id=3"},"modified":"2023-12-24T11:37:10","modified_gmt":"2023-12-24T11:37:10","slug":"pravilnik-zasebnosti","status":"publish","type":"page","link":"https:\/\/oceanik.eu\/it\/pravilnik-zasebnosti\/","title":{"rendered":"Politica sulla riservatezza"},"content":{"rendered":"<section class=\"bde-section-3-100 bde-section\">\n  \n  \n\t\n\n\n\n<div class=\"section-container\"><div class=\"bde-rich-text-3-101 bde-rich-text breakdance-rich-text-styles\">\n<h2><strong>Izjava podjetja Oceanik d.o.o. o Pravilniku o zasebnosti<\/strong><\/h2><p>Varovanje osebnih podatkov na\u0161ih uporabnikov je pomembna skrb na\u0161ega podjetja. Vsi va\u0161i osebni podatki, ki nam jih boste posredovali ob prijavi v spletno prodajalno <a target=\"_blank\" href=\"https:\/\/oceanik.eu\/it\/\">oceanik.eu<\/a>, bodo varovani v skladu z veljavno zakonodajo.<\/p><p>Vse spletne aktivnosti podjetja Oceanik so v skladu z Evropsko zakonodajo (EU Directive 95\/46\/EC, 2002\/58\/EC in Treaty Conventions ETS 108, ETS 181, ETS 185, ETS 189) in dr\u017eavnimi zakonodajami Centralne in Vzhodne Evrope. Politika zasebnosti obravnava ravnanje z informacijami podjetja Oceanik d.o.o., ki jih dobi o vas, kadar obi\u0161\u010dete na\u0161o spletno stran.<\/p><p><strong>Zbiranje in obdelovanje osebnih podatkov<\/strong><\/p><p>Osebni podatek je informacija, ki vas identificira (npr. ime, priimek, elektronski naslov ali po\u0161tni naslov). Osebnih podatkov ne zbiramo, razen kadar vi to omogo\u010dite, tj. ob registraciji, nakupu, sodelovanju v spletnih raziskavah ali spletnih nagradnih igrah in ob prijavi na e-novice ali SMS novice. Podjetje Oceanik d.o.o. jam\u010di, da bo osebne podatke varovala kot zaupne.<\/p><p><strong>Katere osebne podatke zbiramo?<\/strong><\/p><p class=\" translation-block\">Podjetje Oceanik d.o.o. zbira slede\u010de osebne podatke za potrebe poslovanja: ime in priimek, naslov in kraj bivanja, naslov elektronske po\u0161te, ter ostale podatke, ki jih uporabnik vnese v obrazce na spletnem mestu <a target=\"_blank\" href=\"https:\/\/oceanik.eu\">oceanik.eu<\/a>. Podjetje Oceanik d.o.o. ne odgovarja za to\u010dnost podatkov, ki jih vnese uporabnik.<\/p><p>Za zagotavljanje varnosti in dokazljivosti se zbirajo tudi IP naslovi, iz katerih uporabniki dostopajo do spletnega mesta. Posameznemu uporabniku je ob za\u010detku obiska dodeljen sejni pi\u0161kotek za identifikacijo in spremljanje nakupovalne ko\u0161arice. Podjetje Oceanik d.o.o. lahko na uporabnikov ra\u010dunalnik shrani tudi druge pi\u0161kotke, kot so identifikacijska \u0161tevilka uporabnika v \u0161ifrirani obliki (za prepoznavanje uporabnika ob naslednjem obisku) in pi\u0161kotki sistema Google Analytics (analiza obiskov spletne strani). Sejni pi\u0161kotki se v pomnilnik stre\u017enika shranjujejo le za \u010das trajanja obiska in se izbri\u0161ejo po eni uri neaktivnosti, trajni pi\u0161kotki pa so shranjeni na ra\u010dunalniku obiskovalca 2 leti, potem postanejo neaktivni.<\/p><p><strong>Na\u010din in namen uporabe osebnih podatkov<\/strong><\/p><p>Z uporabo spletnega mesta <a target=\"_blank\" href=\"https:\/\/oceanik.eu\/it\/\">oceanik.eu<\/a> se uporabnik strinja z veljavnimi pravili in splo\u0161nimi pogoji, objavljenimi na tem spletnem mestu. Na tem mestu lahko uporabnik spremlja morebitne spremembe splo\u0161nih pogojev in pravil ter posledi\u010dno na\u010din in namen obdelave zbranih osebnih podatkov.<\/p><p>Podatkov o uporabnikih podjetje Oceanik d.o.o. v nobenem primeru ne bo predala nepoobla\u0161\u010denim osebam&nbsp; ali jih kakor koli tr\u017eilo drugje.&nbsp; Zaposleni v podjetju Oceanik d.o.o. so po dol\u017enosti zavezani k spo\u0161tovanju va\u0161ih osebnih podatkov in obvezani po sporazumu o zaupnosti.<\/p><p><strong>Registracija uporabnika<\/strong><\/p><p>V spletni trgovini <a target=\"_blank\" href=\"https:\/\/oceanik.eu\/it\/\">oceanik.eu<\/a> se lahko posameznik prijavi kot registrirani uporabnik. Vsebine spletne trgovine so sicer dostopne tudi anonimnim neregistriranim uporabnikom. Registrirani uporabniki v postopku registracije posredujejo zahtevane podatke in sicer: ime, priimek, po\u0161tni naslov, elektronski naslov, telefonsko \u0161tevilko. Vsak registriran uporabnik dobi svoje uporabni\u0161ko ime in geslo, ki je tajno. Uporabnik je dol\u017ean zagotoviti, da bo s svojim uporabni\u0161kim imenom in z geslom upravljal izklju\u010dno sam oz. od njega poobla\u0161\u010dena oseba. Vsak uporabnik samostojno odgovarja za vsebine, ki jih vpi\u0161e na strani <a target=\"_blank\" href=\"https:\/\/oceanik.eu\/it\/\">oceanik.eu<\/a>.<\/p><p>V primeru, da se uporabnik registrira, bo podjetje Oceanik d.o.o. vpisane podatke do preklica uporabjalo za obdelavo uporabnikovega naro\u010dila, pripravo \u0161e bolj relevantnih ponudb in za marketin\u0161ke analize, ki bodo pomagale izbolj\u0161ati prodajni proces. Podatki bodo lahko uporabljeni tudi za ponovno tr\u017eenje. Uporabniku registracija olaj\u0161a spremljanje preteklih nakupov in skraj\u0161a nakupni postopek. Podjetje Oceanik d.o.o.&nbsp; podatke hrani do preklica ali odjave skladno z zakonodajo. V primeru, da uporabnik \u017eeli izbrisati uporabni\u0161ki ra\u010dun, mora e-sporo\u010dilo vsebovati naslednje podatke: naslov sporo\u010dila naj bo Ukinitev uporabni\u0161kega ra\u010duna; v vsebini naro\u010dila mora biti navedeno ime in priimek uporabnika, naslov in elektronski naslov, s katerim se je uporabnik registriral; sporo\u010dilo mora biti poslano z elektronskega naslova, s katerim je uporabnik prijavljen kor registrirani \u010dlan.<\/p><p><strong>Nakupovanje brez registracije<\/strong><\/p><p>V primeru, da uporabnik naro\u010dilo izvede kot neregistrirani uporabnik, bo podjetje Oceanik d.o.o. vpisane podatke uporabilo za obdelavo oddanega naro\u010dila. Podjetje Oceanik d.o.o. kot dav\u010dni zavezanec mora v skladu s 86. \u010dlenom ZDDV zagotoviti hrambo ra\u010dunov, ki se nana\u0161ajo na dobave blaga ali storitev na ozemlju Slovenije najmanj 10 let po poteku leta, na katero se ra\u010duni nana\u0161ajo \u2013 s tem pa se hranijo tudi podatki, ki so na ra\u010dunu.<\/p><p><strong>Posredovanje e-sporo\u010dil<\/strong><\/p><p>Uporabnik lahko specifi\u010dna vpra\u0161anja na podjetje Oceanik d.o.o. posreduje tudi preko e-naslovov, objavljenih na spletnem mestu, in s tem upravljavcu zaupa navedene podatke. Ti bodo uporabljeni izklju\u010dno za re\u0161itev uporabnikovega vpra\u0161anja. E-naslovi, navedeni na spletni strani so poslovni e-naslovi. S po\u0161iljanjem e-sporo\u010dila na naslove, navedene na tem spletnem mestu, se uporabnik strinja s splo\u0161nimi pogoji uporabe spletnega mesta <a target=\"_blank\" href=\"https:\/\/oceanik.eu\/it\/\">oceanik.eu<\/a>.<\/p><p><strong>Prijava na e-novice<\/strong><\/p><p>Uporabniki se lahko prijavijo na e-novice, s katerimi jih podjetje Oceanik d.o.o. do preklica obve\u0161\u010da o novostih v ponudbi na spletu in prodajnih mestih, o akcijskih ponudbah, dogodkih, nagradih igrah in drugih promocijah. Za prijavo na e-novice Oceanik, d.o.o. zbira slede\u010de podatke: e-naslov, spol, v primeru, da se uporabnik prijavi kot registrirani \u010dlan, pa tudi ime in priimek, naslov in telefonsko \u0161tevilko.&nbsp;<\/p><p>Po vpisu elektronskega naslova v spletni obrazec uporabnik na navedeni e-naslov prejme potrditveno sporo\u010dilo \u2013 s potrditvijo tega je do preklica prijavljen na e-novice. Kadarkoli lahko pisno ali s klikom na gumb Odjava v e-novicah zahteva, da podjetje Oceanik d.o.o. trajno ali za\u010dasno preneha uporabljati njegove osebne podatke za namene neposrednega tr\u017eenja. Zahtevi bo ugodeno v 15 dneh od dneva prejema zahteve, kot predpisuje zakon. Uporabnik lahko zahteva tudi prenos podatkov ali seznanitev z njimi. Podjetje Oceanik d.o.o. se zavezuje, da bo podatke skrbno varoval skladno z zakonodajo, ki ureja varovanje osebnih podatkov.<\/p><p><strong>Sodelovanje v nagradnih igrah<\/strong><\/p><p>Obdelavo podatkov, zbranih s sodelovanjem v nagradnih igrah, urejajo pravilniki o nagradnih igrah.<\/p><p><strong>Pravice uporabnika<\/strong><\/p><p>Uporabnik lahko kadar koli zaprosi za seznanitev z osebnimi podatki, ki jih upravljavec obdeluje, za njihovo omejitev, izbris, popravek ali prenos podatkov. Kakr\u0161na koli vpra\u0161anja v povezavi z varovanjem osebnih podatkov na spletnem mestu <a target=\"_blank\" href=\"https:\/\/oceanik.eu\/it\/\">oceanik.eu<\/a> si lahko naslovi na elektronski naslov.<\/p><p><strong>Svoboda izbire<\/strong><\/p><p>Osebne podatke, ki jih posredujete podjetju Oceanik d.o.o. nadzorujete vi. \u010ce se odlo\u010dite, da va\u0161ih osebnih podatkov ne boste posredovali podjetju Oceanik d.o.o., potem do nekaterih funkcionalnosti ali vsebin spletnega mesta ne boste imeli dostopa. V primeru spremembe va\u0161ih osebnih podatkov (po\u0161tna \u0161tevilka, e-naslov, po\u0161tni naslov, telefonska \u0161tevilka) vas prosimo, da nas o spremembah obvestite na e-naslov.<\/p><p><strong>Zagotavljanje varnosti osebnih podatkov<\/strong><\/p><p>Podjetje Oceanik d.o.o. si prizadeva za zagotovitev varnosti osebnih podatkov. Podatki, ki jih uporabnik posreduje preko obrazcev na strani <a target=\"_blank\" href=\"https:\/\/oceanik.eu\/it\/\">oceanik.eu<\/a> ali kako druga\u010de (preko e-maila, telefona idr.) so zaupni in se obravnavajo v skladu z veljavno zakonodajo. Osebne podatke bo podjetje Oceanik d.o.o. varovala ter prepre\u010devala njihovo zlorabo. Osebni podatki bodo uporabljeni le za namene, za katere je uporabnik dal svoje soglasje. Dostop do osebnih podatkov imajo zgolj s strani podjetja Oceanik d.o.o. poobla\u0161\u010dene osebe (zaposleni, pogodbeni partnerji). Za varovanje osebnih podatkov je odgovoren tudi uporabnik sam tako, da poskrbi za varnost svojega uporabni\u0161kega imena in gesla.<\/p><p><strong>Posredovanje podatkov poobla\u0161\u010denim partnerjem<\/strong><\/p><p>Podatki, ki jih uporabnik zaupa upravljavcu, so zaupni. Podjetje Oceanik d.o.o. jih ne posreduje nepoobla\u0161\u010denim tretjim osebam. Osebne podatke pa lahko posreduje zaupanja vrednim partnerjem ali po zakonski dol\u017enosti, skladno z veljavno zakonodajo. Podatki so lahko posredovani:<\/p><ul><li><p>dru\u017ebam za obdelavo podatkov in informacijske storitve, ki zagotavljajo nemoteno delovanje spletnega mesta in njegove izbolj\u0161ave (gostovanje na stre\u017eniku, e-mail marketing \u2026);<\/p><\/li><li><p>marketin\u0161kim agencijam za namen ponovnega tr\u017eenja<\/p><\/li><li><p>podjetjem, ki zagotavljajo nemoten proces nakupa (dostavne slu\u017ebe ipd.)<\/p><\/li><li><p>vendar le v meri, ki je nujna za uspe\u0161no izvedbo naro\u010dila;<\/p><\/li><li><p>poobla\u0161\u010denim ustanovam, \u010de tako zahteva zakon (sodi\u0161\u010de ipd.).<\/p><\/li><\/ul><p>Vsi partnerji, ki imajo dostop do osebnih podatkov, so zavezani skrbnemu ravnanju z njimi skladno z zakonodajo.<\/p><p><strong>Avtomati\u010dno bele\u017eenje informacij (neosebni podatki)<\/strong><\/p><p>Kadar koli dostopate na spletno stran podjetja Oceanik d.o.o. se splo\u0161ni, neosebni podatki (uporabniki spletnega iskalnika, \u0161tevilo obiskov, povpre\u010den \u010das obiska na spletnem mestu, obiskane strani) avtomati\u010dno bele\u017eijo (ne kot del prijave). Te informacije uporabljamo za merjenje obiskanosti na\u0161ega spletnega mesta in izbolj\u0161evanje vsebin in uporabnosti. Va\u0161i podatki niso predmet nadaljnje obravnave in niso posredovani tretji stranki.<\/p><p><strong>Cookies<\/strong><\/p><p>Pi\u0161kotki so neopazni dokumenti, ki so za\u010dasno shranjeni na va\u0161em trdem disku in omogo\u010dajo na\u0161im stranem prepoznavanje va\u0161ega ra\u010dunalnika, ko naslednji\u010d obi\u0161\u010dete spletno mesto podjetja Oceanik d.o.o.. Podjetje Oceanik d.o.o. uporablja pi\u0161kotke le za zbiranje informacij, ki zadevajo uporabo na\u0161ega spletnega mesta.<\/p><p><strong>Povezave do drugih spletnih strani<\/strong><\/p><p>Izjava o varovanju osebnih podatkov se nana\u0161a na spletno mesto podjetja Oceanik d.o.o. Spletne strani na tem spletnem mestu lahko vsebujejo povezave do drugih oskrbovalcev znotraj in izven podjetje Oceanik d.o.o., za katere ta izjava o varovanju osebnih podatkov ne velja. Ko zapu\u0161\u010date spletno mesto podjetja Oceanik d.o.o. si zato vnovi\u010d preberite izjave o varovanju osebnih podatkov vsake spletne strani, ki zbira osebne identifikacijske podatke.<\/p><p>Upravljavec osebnih podatkov je Oceanik d.o.o., Vanganelska cesta 18, 6000 Koper, Slovenija.<\/p>\n<\/div><\/div>\n<\/section>","protected":false},"excerpt":{"rendered":"<p>Izjava podjetja Oceanik d.o.o. o Pravilniku o zasebnostiVarovanje osebnih podatkov na\u0161ih uporabnikov je pomembna skrb na\u0161ega podjetja. Vsi va\u0161i osebni podatki, ki nam jih boste posredovali ob prijavi v spletno prodajalno oceanik.eu, bodo varovani v skladu z veljavno zakonodajo.Vse spletne aktivnosti podjetja Oceanik so v skladu z Evropsko zakonodajo (EU Directive 95\/46\/EC, 2002\/58\/EC in Treaty [&hellip;]<\/p>","protected":false},"author":1,"featured_media":0,"parent":0,"menu_order":0,"comment_status":"closed","ping_status":"closed","template":"","meta":{"_breakdance_hide_in_design_set":false,"_breakdance_tags":"","footnotes":""},"class_list":["post-3","page","type-page","status-publish","hentry"],"_links":{"self":[{"href":"https:\/\/oceanik.eu\/it\/wp-json\/wp\/v2\/pages\/3","targetHints":{"allow":["GET"]}}],"collection":[{"href":"https:\/\/oceanik.eu\/it\/wp-json\/wp\/v2\/pages"}],"about":[{"href":"https:\/\/oceanik.eu\/it\/wp-json\/wp\/v2\/types\/page"}],"author":[{"embeddable":true,"href":"https:\/\/oceanik.eu\/it\/wp-json\/wp\/v2\/users\/1"}],"replies":[{"embeddable":true,"href":"https:\/\/oceanik.eu\/it\/wp-json\/wp\/v2\/comments?post=3"}],"version-history":[{"count":3,"href":"https:\/\/oceanik.eu\/it\/wp-json\/wp\/v2\/pages\/3\/revisions"}],"predecessor-version":[{"id":216,"href":"https:\/\/oceanik.eu\/it\/wp-json\/wp\/v2\/pages\/3\/revisions\/216"}],"wp:attachment":[{"href":"https:\/\/oceanik.eu\/it\/wp-json\/wp\/v2\/media?parent=3"}],"curies":[{"name":"wp","href":"https:\/\/api.w.org\/{rel}","templated":true}]}}